{"id":2015,"date":"2025-09-05T01:41:52","date_gmt":"2025-09-05T01:41:52","guid":{"rendered":"https:\/\/bouro.eu\/?page_id=2015"},"modified":"2026-03-25T00:51:57","modified_gmt":"2026-03-25T00:51:57","slug":"projetos-idt","status":"publish","type":"page","link":"https:\/\/bouro.eu\/en\/projetos-idt\/","title":{"rendered":"Projetos IDT"},"content":{"rendered":"<div data-elementor-type=\"wp-page\" data-elementor-id=\"2015\" class=\"elementor elementor-2015\">\n\t\t\t\t<div class=\"elementor-element elementor-element-99d89d8 e-flex e-con-boxed e-con e-parent\" data-id=\"99d89d8\" data-element_type=\"container\" data-e-type=\"container\">\n\t\t\t\t\t<div class=\"e-con-inner\">\n\t\t\t\t<div class=\"elementor-element elementor-element-cb4c8a0 elementor-widget elementor-widget-image\" data-id=\"cb4c8a0\" data-element_type=\"widget\" data-e-type=\"widget\" data-widget_type=\"image.default\">\n\t\t\t\t<div class=\"elementor-widget-container\">\n\t\t\t\t\t\t\t\t\t\t\t\t\t\t\t\t<a href=\"https:\/\/bouro.eu\/en\/\">\n\t\t\t\t\t\t\t<img decoding=\"async\" src=\"http:\/\/bouro.eu\/wp-content\/uploads\/2026\/03\/Ficha_de_OperacaoA4_COMPETE-2030_BIOCHAR4LL_FINAL2.pdf\" title=\"\" alt=\"\" loading=\"lazy\" \/>\t\t\t\t\t\t\t\t<\/a>\n\t\t\t\t\t\t\t\t\t\t\t\t\t\t\t<\/div>\n\t\t\t\t<\/div>\n\t\t\t\t<div class=\"elementor-element elementor-element-07255c8 hfe-menu-item-center hfe-submenu-icon-arrow hfe-link-redirect-child elementor-widget elementor-widget-navigation-menu\" data-id=\"07255c8\" data-element_type=\"widget\" data-e-type=\"widget\" data-settings=\"{&quot;hamburger_menu_align&quot;:&quot;center&quot;,&quot;toggle_border_width&quot;:{&quot;unit&quot;:&quot;px&quot;,&quot;size&quot;:0,&quot;sizes&quot;:[]},&quot;hamburger_align&quot;:&quot;center&quot;,&quot;dropdown_border_radius&quot;:{&quot;unit&quot;:&quot;px&quot;,&quot;top&quot;:&quot;&quot;,&quot;right&quot;:&quot;&quot;,&quot;bottom&quot;:&quot;&quot;,&quot;left&quot;:&quot;&quot;,&quot;isLinked&quot;:true},&quot;dropdown_border_radius_tablet&quot;:{&quot;unit&quot;:&quot;px&quot;,&quot;top&quot;:&quot;&quot;,&quot;right&quot;:&quot;&quot;,&quot;bottom&quot;:&quot;&quot;,&quot;left&quot;:&quot;&quot;,&quot;isLinked&quot;:true},&quot;dropdown_border_radius_mobile&quot;:{&quot;unit&quot;:&quot;px&quot;,&quot;top&quot;:&quot;&quot;,&quot;right&quot;:&quot;&quot;,&quot;bottom&quot;:&quot;&quot;,&quot;left&quot;:&quot;&quot;,&quot;isLinked&quot;:true},&quot;padding_horizontal_dropdown_item&quot;:{&quot;unit&quot;:&quot;px&quot;,&quot;size&quot;:&quot;&quot;,&quot;sizes&quot;:[]},&quot;padding_horizontal_dropdown_item_tablet&quot;:{&quot;unit&quot;:&quot;px&quot;,&quot;size&quot;:&quot;&quot;,&quot;sizes&quot;:[]},&quot;padding_horizontal_dropdown_item_mobile&quot;:{&quot;unit&quot;:&quot;px&quot;,&quot;size&quot;:&quot;&quot;,&quot;sizes&quot;:[]},&quot;padding_vertical_dropdown_item&quot;:{&quot;unit&quot;:&quot;px&quot;,&quot;size&quot;:15,&quot;sizes&quot;:[]},&quot;padding_vertical_dropdown_item_tablet&quot;:{&quot;unit&quot;:&quot;px&quot;,&quot;size&quot;:&quot;&quot;,&quot;sizes&quot;:[]},&quot;padding_vertical_dropdown_item_mobile&quot;:{&quot;unit&quot;:&quot;px&quot;,&quot;size&quot;:&quot;&quot;,&quot;sizes&quot;:[]},&quot;distance_from_menu&quot;:{&quot;unit&quot;:&quot;px&quot;,&quot;size&quot;:&quot;&quot;,&quot;sizes&quot;:[]},&quot;distance_from_menu_tablet&quot;:{&quot;unit&quot;:&quot;px&quot;,&quot;size&quot;:&quot;&quot;,&quot;sizes&quot;:[]},&quot;distance_from_menu_mobile&quot;:{&quot;unit&quot;:&quot;px&quot;,&quot;size&quot;:&quot;&quot;,&quot;sizes&quot;:[]},&quot;toggle_size&quot;:{&quot;unit&quot;:&quot;px&quot;,&quot;size&quot;:&quot;&quot;,&quot;sizes&quot;:[]},&quot;toggle_size_tablet&quot;:{&quot;unit&quot;:&quot;px&quot;,&quot;size&quot;:&quot;&quot;,&quot;sizes&quot;:[]},&quot;toggle_size_mobile&quot;:{&quot;unit&quot;:&quot;px&quot;,&quot;size&quot;:&quot;&quot;,&quot;sizes&quot;:[]},&quot;toggle_border_width_tablet&quot;:{&quot;unit&quot;:&quot;px&quot;,&quot;size&quot;:&quot;&quot;,&quot;sizes&quot;:[]},&quot;toggle_border_width_mobile&quot;:{&quot;unit&quot;:&quot;px&quot;,&quot;size&quot;:&quot;&quot;,&quot;sizes&quot;:[]},&quot;toggle_border_radius&quot;:{&quot;unit&quot;:&quot;px&quot;,&quot;size&quot;:&quot;&quot;,&quot;sizes&quot;:[]},&quot;toggle_border_radius_tablet&quot;:{&quot;unit&quot;:&quot;px&quot;,&quot;size&quot;:&quot;&quot;,&quot;sizes&quot;:[]},&quot;toggle_border_radius_mobile&quot;:{&quot;unit&quot;:&quot;px&quot;,&quot;size&quot;:&quot;&quot;,&quot;sizes&quot;:[]}}\" data-widget_type=\"navigation-menu.default\">\n\t\t\t\t<div class=\"elementor-widget-container\">\n\t\t\t\t\t\t\t\t<div class=\"hfe-nav-menu hfe-layout-expandible hfe-nav-menu-layout expandible\" data-layout=\"expandible\">\n\t\t\t\t<div role=\"button\" class=\"hfe-nav-menu__toggle elementor-clickable\" tabindex=\"0\" aria-label=\"Menu Toggle\">\n\t\t\t\t\t<span class=\"screen-reader-text\">Menu<\/span>\n\t\t\t\t\t<div class=\"hfe-nav-menu-icon\">\n\t\t\t\t\t\t<i aria-hidden=\"true\"  class=\"fas fa-align-justify\"><\/i>\t\t\t\t\t<\/div>\n\t\t\t\t<\/div>\n\t\t\t\t<nav itemscope=\"itemscope\" itemtype=\"https:\/\/schema.org\/SiteNavigationElement\" class=\"hfe-dropdown-expandible hfe-nav-menu__layout-expandible hfe-nav-menu__submenu-arrow\" data-toggle-icon=\"&lt;i aria-hidden=&quot;true&quot; tabindex=&quot;0&quot; class=&quot;fas fa-align-justify&quot;&gt;&lt;\/i&gt;\" data-close-icon=\"&lt;i aria-hidden=&quot;true&quot; tabindex=&quot;0&quot; class=&quot;far fa-window-close&quot;&gt;&lt;\/i&gt;\" data-full-width=\"yes\">\n\t\t\t\t\t<ul id=\"menu-1-07255c8\" class=\"hfe-nav-menu\"><li id=\"menu-item-1292\" itemprop=\"name\" class=\"menu-item menu-item-type-post_type menu-item-object-page parent hfe-creative-menu\"><a href=\"https:\/\/bouro.eu\/en\/quinta-do-bouro-vinhas\/\" itemprop=\"url\" class = \"hfe-menu-item\">Vineyard<\/a><\/li>\n<li id=\"menu-item-1293\" itemprop=\"name\" class=\"menu-item menu-item-type-post_type menu-item-object-page parent hfe-creative-menu\"><a href=\"https:\/\/bouro.eu\/en\/quinta-do-bouro-agricultura-4-0\/\" itemprop=\"url\" class = \"hfe-menu-item\">Agro 4.0<\/a><\/li>\n<li id=\"menu-item-1294\" itemprop=\"name\" class=\"menu-item menu-item-type-post_type menu-item-object-page parent hfe-creative-menu\"><a href=\"https:\/\/bouro.eu\/en\/quinta-do-bouro-parcerias\/\" itemprop=\"url\" class = \"hfe-menu-item\">Partners<\/a><\/li>\n<li id=\"menu-item-1296\" itemprop=\"name\" class=\"menu-item menu-item-type-post_type menu-item-object-page parent hfe-creative-menu\"><a href=\"https:\/\/bouro.eu\/en\/quinta-do-bouro-missoes-e-valores\/\" itemprop=\"url\" class = \"hfe-menu-item\">Mission<\/a><\/li>\n<li id=\"menu-item-1297\" itemprop=\"name\" class=\"menu-item menu-item-type-post_type menu-item-object-page parent hfe-creative-menu\"><a href=\"https:\/\/bouro.eu\/en\/quem-somos-um-pouco-da-nossa-histori\/\" itemprop=\"url\" class = \"hfe-menu-item\">About us<\/a><\/li>\n<li id=\"menu-item-1295\" itemprop=\"name\" class=\"menu-item menu-item-type-post_type menu-item-object-page parent hfe-creative-menu\"><a href=\"https:\/\/bouro.eu\/en\/quinta-do-bouro-contacto\/\" itemprop=\"url\" class = \"hfe-menu-item\">Contact<\/a><\/li>\n<li id=\"menu-item-2017\" itemprop=\"name\" class=\"menu-item menu-item-type-post_type menu-item-object-page parent hfe-creative-menu\"><a href=\"https:\/\/bouro.eu\/en\/projetos-idt\/\" itemprop=\"url\" class = \"hfe-menu-item\">Projetos IDT<\/a><\/li>\n<\/ul> \n\t\t\t\t<\/nav>\n\t\t\t<\/div>\n\t\t\t\t\t\t\t<\/div>\n\t\t\t\t<\/div>\n\t\t\t\t\t<\/div>\n\t\t\t\t<\/div>\n\t\t<div class=\"elementor-element elementor-element-fe1d785 e-flex e-con-boxed e-con e-parent\" data-id=\"fe1d785\" data-element_type=\"container\" data-e-type=\"container\">\n\t\t\t\t\t<div class=\"e-con-inner\">\n\t\t\t\t<div class=\"elementor-element elementor-element-7702a61 elementor-widget elementor-widget-text-editor\" data-id=\"7702a61\" data-element_type=\"widget\" data-e-type=\"widget\" data-widget_type=\"text-editor.default\">\n\t\t\t\t<div class=\"elementor-widget-container\">\n\t\t\t\t\t\t\t\t\t<p>A nossa participa\u00e7\u00e3o em projetos de Investiga\u00e7\u00e3o e Desenvolvimento Tecnol\u00f3gico:<\/p><p><a title=\"Projetos IDT\" href=\"http:\/\/bouro.eu\/wp-content\/uploads\/2026\/03\/Ficha_de_OperacaoA4_COMPETE-2030_BIOCHAR4LL_FINAL2.pdf\" target=\"_blank\" rel=\"noopener\"><strong><u>Projeto Biochar4@LL<\/u><\/strong><\/a>: O projeto MPr-2023-7 \/ MPr-2023-8_Biochar4@ll &#8211; Long-term sustainable carbon capture and valorization in agricultural production, prop\u00f5e o desenvolvimento de uma m\u00e1quina de baixo custo para produ\u00e7\u00e3o cont\u00ednua de biocarv\u00e3o, que visa dar apoio \u00e0 reestrutura\u00e7\u00e3o de terrenos e contribuir para o combate \u00e0 desertifica\u00e7\u00e3o, assim como, no sequestro permanente de carbono no solo. A decis\u00e3o de interven\u00e7\u00e3o no solo \u00e9 apoiada em sistemas de gest\u00e3o inteligente e plataformas de IoT (Internet of Things), com comprova\u00e7\u00e3o laboratorial, e por consequ\u00eancia numa abordagem de an\u00e1lise hol\u00edstica e de predi\u00e7\u00e3o de comportamentos.<\/p><p><strong><a href=\"https:\/\/robotics4farmers.tecnico.ulisboa.pt\/~robotics4farmers.daemon\"><u>Robotics4Farmers<\/u><\/a><\/strong>: Sistemas Rob\u00f3ticos Ecoeficientes e Colaborativos para uma Agricultura Inovadora, Inclusiva e Sustent\u00e1vel &#8211; Projeto \u2013 PRR-C05-i03-I-000098 Aviso n.\u00ba 9\/ C05\u2013i03\/2021 projetos I&amp;D+I-Agricultura 4.0 &#8211; Num enquadramento total com a Iniciativa Emblem\u00e1tica \u2013 Agricultura 4.0, o projeto Robotics 4 Farmers agrega digitaliza\u00e7\u00e3o, ferramentas TIC e intelig\u00eancia artificial, rob\u00f3tica colaborativa e energias renov\u00e1veis. Este promove o desenvolvimento social por via da aproxima\u00e7\u00e3o f\u00edsica e cognitiva das pessoas \u00e0s tecnologias e da consequente atra\u00e7\u00e3o de m\u00e3o de obra jovem para a agricultura. Promove o desenvolvimento ambiental recorrendo a energias renov\u00e1veis e eliminando produtos qu\u00edmicos, consumo de \u00e1gua e combust\u00edveis f\u00f3sseis. Promove tamb\u00e9m o desenvolvimento econ\u00f3mico por via n\u00e3o s\u00f3 da redu\u00e7\u00e3o de custos como da cria\u00e7\u00e3o de novas oportunidades de neg\u00f3cio na aplica\u00e7\u00e3o do sistema desenvolvido em novas tarefas agr\u00edcolas.<\/p><p>Teses de licenciatura, mestrado e doutoramento que apoiamos:<\/p><ol><li>Jos\u00e9 Hugo Rodrigues Vieira (2024) Projeto e Fabrico de Ve\u00edculo para Transporte de Ferramentas Agr\u00edcolas; MSc Thesis, MEMec, IST.<\/li><li>Lu\u00eds Carlos Martins Lopes (2024) Processamento Laser de Material Org\u00e2nico Vivo;\u00a0 MSc Thesis, MEMec, IST.<\/li><li>Lu\u00eds Miguel Lima de Almeida (2024) Design of a Ring Array Concentrator with Non-Parabolic Rings;\u00a0 MSc Thesis, MEMec, IST.<\/li><li>Nelson Miguel Lopes Mendes (2025) Desenvolvimento de M\u00e1quina para Monda T\u00e9rmica de Plantas Infestantes;\u00a0 MSc Thesis, MEMec, IST.<\/li><li>S\u00e9rgio Andr\u00e9 Gomes dos Santos (em curso) Desenvolvimento de Tubos de Radia\u00e7\u00e3o para Moda T\u00e9rmica de Plantas Infestantes;\u00a0 MSc Thesis, MEMec, IST.<\/li><li>Pedro Daniel Pais Cerqueira (em curso) Simula\u00e7\u00e3o num\u00e9rica da propaga\u00e7\u00e3o de radia\u00e7\u00e3o num tubo de luz solar usando o m\u00e9todo de Monte Carlo; MSc Thesis, MEMec, IST.<\/li><li>Marcos Andr\u00e9 Freire dos Santos (em curso) Design and fabrication of a Concentrated Solar Power technology based on a non-parabolic Ring Array Concentrator; MSc Thesis, MEMec, IST.<\/li><li>Dinis Miguel Reis do Pa\u00e7o (em curso) Projeto e Fabrico de Ve\u00edculo para Transporte de Ferramentas Agr\u00edcolas; MSc Thesis, MEMec, IST.<\/li><li>Sebasti\u00e3o Marques Carvalho (em curso) Influ\u00eancia da Qualidade da \u00c1gua na Efic\u00e1cia dos Tratamentos Fitossanit\u00e1rios; MSc Thesis, Agronomia, ESA, IPSantar\u00e9m.<\/li><\/ol>\t\t\t\t\t\t\t\t<\/div>\n\t\t\t\t<\/div>\n\t\t\t\t<div class=\"elementor-element elementor-element-9ea01de elementor-widget elementor-widget-image\" data-id=\"9ea01de\" data-element_type=\"widget\" data-e-type=\"widget\" data-widget_type=\"image.default\">\n\t\t\t\t<div class=\"elementor-widget-container\">\n\t\t\t\t\t\t\t\t\t\t\t\t\t\t\t\t<a href=\"https:\/\/bouro.eu\/en\/projetos-idt\/\">\n\t\t\t\t\t\t\t<img fetchpriority=\"high\" decoding=\"async\" width=\"1024\" height=\"58\" src=\"https:\/\/bouro.eu\/wp-content\/uploads\/2025\/09\/Barra-Cofinanciamento_cor_2-7-1024x58.jpg\" class=\"attachment-large size-large wp-image-2135\" alt=\"\" srcset=\"https:\/\/bouro.eu\/wp-content\/uploads\/2025\/09\/Barra-Cofinanciamento_cor_2-7-1024x58.jpg 1024w, https:\/\/bouro.eu\/wp-content\/uploads\/2025\/09\/Barra-Cofinanciamento_cor_2-7-300x17.jpg 300w, https:\/\/bouro.eu\/wp-content\/uploads\/2025\/09\/Barra-Cofinanciamento_cor_2-7-768x44.jpg 768w, https:\/\/bouro.eu\/wp-content\/uploads\/2025\/09\/Barra-Cofinanciamento_cor_2-7-1536x87.jpg 1536w, https:\/\/bouro.eu\/wp-content\/uploads\/2025\/09\/Barra-Cofinanciamento_cor_2-7-18x1.jpg 18w, https:\/\/bouro.eu\/wp-content\/uploads\/2025\/09\/Barra-Cofinanciamento_cor_2-7.jpg 1916w\" sizes=\"(max-width: 1024px) 100vw, 1024px\" \/>\t\t\t\t\t\t\t\t<\/a>\n\t\t\t\t\t\t\t\t\t\t\t\t\t\t\t<\/div>\n\t\t\t\t<\/div>\n\t\t\t\t\t<\/div>\n\t\t\t\t<\/div>\n\t\t<div class=\"elementor-element elementor-element-9b0e0dc e-flex e-con-boxed e-con e-parent\" data-id=\"9b0e0dc\" data-element_type=\"container\" data-e-type=\"container\">\n\t\t\t\t\t<div class=\"e-con-inner\">\n\t\t\t\t\t<\/div>\n\t\t\t\t<\/div>\n\t\t\t\t<\/div>","protected":false},"excerpt":{"rendered":"<p>Menu Vinhas Agro 4.0 Parceiros Miss\u00e3o Quem Somos Contacto Projetos IDT A nossa participa\u00e7\u00e3o em projetos de Investiga\u00e7\u00e3o e Desenvolvimento Tecnol\u00f3gico: Projeto Biochar4@LL: O projeto MPr-2023-7 \/ MPr-2023-8_Biochar4@ll &#8211; Long-term sustainable carbon capture and valorization in agricultural production, prop\u00f5e o desenvolvimento de uma m\u00e1quina de baixo custo para produ\u00e7\u00e3o cont\u00ednua de biocarv\u00e3o, que visa dar [&hellip;]<\/p>\n","protected":false},"author":1,"featured_media":0,"parent":0,"menu_order":0,"comment_status":"closed","ping_status":"closed","template":"","meta":{"om_disable_all_campaigns":false,"_monsterinsights_skip_tracking":false,"_monsterinsights_sitenote_active":false,"_monsterinsights_sitenote_note":"","_monsterinsights_sitenote_category":0,"site-sidebar-layout":"no-sidebar","site-content-layout":"page-builder","ast-site-content-layout":"full-width-container","site-content-style":"default","site-sidebar-style":"default","ast-global-header-display":"","ast-banner-title-visibility":"","ast-main-header-display":"","ast-hfb-above-header-display":"","ast-hfb-below-header-display":"","ast-hfb-mobile-header-display":"","site-post-title":"","ast-breadcrumbs-content":"","ast-featured-img":"disabled","footer-sml-layout":"","ast-disable-related-posts":"","theme-transparent-header-meta":"","adv-header-id-meta":"","stick-header-meta":"","header-above-stick-meta":"","header-main-stick-meta":"","header-below-stick-meta":"","astra-migrate-meta-layouts":"set","ast-page-background-enabled":"default","ast-page-background-meta":{"desktop":{"background-color":"","background-image":"","background-repeat":"repeat","background-position":"center center","background-size":"auto","background-attachment":"scroll","background-type":"","background-media":"","overlay-type":"","overlay-color":"","overlay-opacity":"","overlay-gradient":""},"tablet":{"background-color":"","background-image":"","background-repeat":"repeat","background-position":"center center","background-size":"auto","background-attachment":"scroll","background-type":"","background-media":"","overlay-type":"","overlay-color":"","overlay-opacity":"","overlay-gradient":""},"mobile":{"background-color":"","background-image":"","background-repeat":"repeat","background-position":"center center","background-size":"auto","background-attachment":"scroll","background-type":"","background-media":"","overlay-type":"","overlay-color":"","overlay-opacity":"","overlay-gradient":""}},"ast-content-background-meta":{"desktop":{"background-color":"var(--ast-global-color-5)","background-image":"","background-repeat":"repeat","background-position":"center center","background-size":"auto","background-attachment":"scroll","background-type":"","background-media":"","overlay-type":"","overlay-color":"","overlay-opacity":"","overlay-gradient":""},"tablet":{"background-color":"var(--ast-global-color-5)","background-image":"","background-repeat":"repeat","background-position":"center center","background-size":"auto","background-attachment":"scroll","background-type":"","background-media":"","overlay-type":"","overlay-color":"","overlay-opacity":"","overlay-gradient":""},"mobile":{"background-color":"var(--ast-global-color-5)","background-image":"","background-repeat":"repeat","background-position":"center center","background-size":"auto","background-attachment":"scroll","background-type":"","background-media":"","overlay-type":"","overlay-color":"","overlay-opacity":"","overlay-gradient":""}},"footnotes":""},"class_list":["post-2015","page","type-page","status-publish","hentry"],"aioseo_notices":[],"yoast_head":"<!-- This site is optimized with the Yoast SEO plugin v27.4 - https:\/\/yoast.com\/product\/yoast-seo-wordpress\/ -->\n<title>Projetos IDT - Quinta do Bouro<\/title>\n<meta name=\"description\" content=\"Estes s\u00e3o os projetos onde temos uma participa\u00e7\u00e3o ativa.\" \/>\n<meta name=\"robots\" content=\"index, follow, max-snippet:-1, max-image-preview:large, max-video-preview:-1\" \/>\n<link rel=\"canonical\" href=\"https:\/\/bouro.eu\/en\/projetos-idt\/\" \/>\n<meta property=\"og:locale\" content=\"en_US\" \/>\n<meta property=\"og:type\" content=\"article\" \/>\n<meta property=\"og:title\" content=\"Projetos IDT - Quinta do Bouro\" \/>\n<meta property=\"og:description\" content=\"Estes s\u00e3o os projetos onde temos uma participa\u00e7\u00e3o ativa.\" \/>\n<meta property=\"og:url\" content=\"https:\/\/bouro.eu\/en\/projetos-idt\/\" \/>\n<meta property=\"og:site_name\" content=\"Quinta do Bouro\" \/>\n<meta property=\"article:modified_time\" content=\"2026-03-25T00:51:57+00:00\" \/>\n<meta property=\"og:image\" content=\"http:\/\/bouro.eu\/wp-content\/uploads\/2026\/03\/Ficha_de_OperacaoA4_COMPETE-2030_BIOCHAR4LL_FINAL2.pdf\" \/>\n<meta name=\"twitter:card\" content=\"summary_large_image\" \/>\n<meta name=\"twitter:label1\" content=\"Est. reading time\" \/>\n\t<meta name=\"twitter:data1\" content=\"3 minutes\" \/>\n<script type=\"application\/ld+json\" class=\"yoast-schema-graph\">{\"@context\":\"https:\\\/\\\/schema.org\",\"@graph\":[{\"@type\":\"WebPage\",\"@id\":\"https:\\\/\\\/bouro.eu\\\/projetos-idt\\\/\",\"url\":\"https:\\\/\\\/bouro.eu\\\/projetos-idt\\\/\",\"name\":\"Projetos IDT - Quinta do Bouro\",\"isPartOf\":{\"@id\":\"https:\\\/\\\/bouro.eu\\\/#website\"},\"primaryImageOfPage\":{\"@id\":\"https:\\\/\\\/bouro.eu\\\/projetos-idt\\\/#primaryimage\"},\"image\":{\"@id\":\"https:\\\/\\\/bouro.eu\\\/projetos-idt\\\/#primaryimage\"},\"thumbnailUrl\":\"http:\\\/\\\/bouro.eu\\\/wp-content\\\/uploads\\\/2026\\\/03\\\/Ficha_de_OperacaoA4_COMPETE-2030_BIOCHAR4LL_FINAL2.pdf\",\"datePublished\":\"2025-09-05T01:41:52+00:00\",\"dateModified\":\"2026-03-25T00:51:57+00:00\",\"description\":\"Estes s\u00e3o os projetos onde temos uma participa\u00e7\u00e3o ativa.\",\"breadcrumb\":{\"@id\":\"https:\\\/\\\/bouro.eu\\\/projetos-idt\\\/#breadcrumb\"},\"inLanguage\":\"en-US\",\"potentialAction\":[{\"@type\":\"ReadAction\",\"target\":[\"https:\\\/\\\/bouro.eu\\\/projetos-idt\\\/\"]}]},{\"@type\":\"ImageObject\",\"inLanguage\":\"en-US\",\"@id\":\"https:\\\/\\\/bouro.eu\\\/projetos-idt\\\/#primaryimage\",\"url\":\"http:\\\/\\\/bouro.eu\\\/wp-content\\\/uploads\\\/2026\\\/03\\\/Ficha_de_OperacaoA4_COMPETE-2030_BIOCHAR4LL_FINAL2.pdf\",\"contentUrl\":\"http:\\\/\\\/bouro.eu\\\/wp-content\\\/uploads\\\/2026\\\/03\\\/Ficha_de_OperacaoA4_COMPETE-2030_BIOCHAR4LL_FINAL2.pdf\"},{\"@type\":\"BreadcrumbList\",\"@id\":\"https:\\\/\\\/bouro.eu\\\/projetos-idt\\\/#breadcrumb\",\"itemListElement\":[{\"@type\":\"ListItem\",\"position\":1,\"name\":\"In\u00edcio\",\"item\":\"https:\\\/\\\/bouro.eu\\\/\"},{\"@type\":\"ListItem\",\"position\":2,\"name\":\"Projetos IDT\"}]},{\"@type\":\"WebSite\",\"@id\":\"https:\\\/\\\/bouro.eu\\\/#website\",\"url\":\"https:\\\/\\\/bouro.eu\\\/\",\"name\":\"Quinta do Bouro\",\"description\":\"Seeding the future\",\"publisher\":{\"@id\":\"https:\\\/\\\/bouro.eu\\\/#organization\"},\"potentialAction\":[{\"@type\":\"SearchAction\",\"target\":{\"@type\":\"EntryPoint\",\"urlTemplate\":\"https:\\\/\\\/bouro.eu\\\/?s={search_term_string}\"},\"query-input\":{\"@type\":\"PropertyValueSpecification\",\"valueRequired\":true,\"valueName\":\"search_term_string\"}}],\"inLanguage\":\"en-US\"},{\"@type\":\"Organization\",\"@id\":\"https:\\\/\\\/bouro.eu\\\/#organization\",\"name\":\"Quinta do Bouro\",\"url\":\"https:\\\/\\\/bouro.eu\\\/\",\"logo\":{\"@type\":\"ImageObject\",\"inLanguage\":\"en-US\",\"@id\":\"https:\\\/\\\/bouro.eu\\\/#\\\/schema\\\/logo\\\/image\\\/\",\"url\":\"https:\\\/\\\/bouro.eu\\\/wp-content\\\/uploads\\\/2022\\\/10\\\/LOGO.png\",\"contentUrl\":\"https:\\\/\\\/bouro.eu\\\/wp-content\\\/uploads\\\/2022\\\/10\\\/LOGO.png\",\"width\":333,\"height\":118,\"caption\":\"Quinta do Bouro\"},\"image\":{\"@id\":\"https:\\\/\\\/bouro.eu\\\/#\\\/schema\\\/logo\\\/image\\\/\"}}]}<\/script>\n<!-- \/ Yoast SEO plugin. -->","yoast_head_json":{"title":"Projetos IDT - Quinta do Bouro","description":"Estes s\u00e3o os projetos onde temos uma participa\u00e7\u00e3o ativa.","robots":{"index":"index","follow":"follow","max-snippet":"max-snippet:-1","max-image-preview":"max-image-preview:large","max-video-preview":"max-video-preview:-1"},"canonical":"https:\/\/bouro.eu\/en\/projetos-idt\/","og_locale":"en_US","og_type":"article","og_title":"Projetos IDT - Quinta do Bouro","og_description":"Estes s\u00e3o os projetos onde temos uma participa\u00e7\u00e3o ativa.","og_url":"https:\/\/bouro.eu\/en\/projetos-idt\/","og_site_name":"Quinta do Bouro","article_modified_time":"2026-03-25T00:51:57+00:00","og_image":[{"url":"http:\/\/bouro.eu\/wp-content\/uploads\/2026\/03\/Ficha_de_OperacaoA4_COMPETE-2030_BIOCHAR4LL_FINAL2.pdf","type":"","width":"","height":""}],"twitter_card":"summary_large_image","twitter_misc":{"Est. reading time":"3 minutes"},"schema":{"@context":"https:\/\/schema.org","@graph":[{"@type":"WebPage","@id":"https:\/\/bouro.eu\/projetos-idt\/","url":"https:\/\/bouro.eu\/projetos-idt\/","name":"Projetos IDT - Quinta do Bouro","isPartOf":{"@id":"https:\/\/bouro.eu\/#website"},"primaryImageOfPage":{"@id":"https:\/\/bouro.eu\/projetos-idt\/#primaryimage"},"image":{"@id":"https:\/\/bouro.eu\/projetos-idt\/#primaryimage"},"thumbnailUrl":"http:\/\/bouro.eu\/wp-content\/uploads\/2026\/03\/Ficha_de_OperacaoA4_COMPETE-2030_BIOCHAR4LL_FINAL2.pdf","datePublished":"2025-09-05T01:41:52+00:00","dateModified":"2026-03-25T00:51:57+00:00","description":"Estes s\u00e3o os projetos onde temos uma participa\u00e7\u00e3o ativa.","breadcrumb":{"@id":"https:\/\/bouro.eu\/projetos-idt\/#breadcrumb"},"inLanguage":"en-US","potentialAction":[{"@type":"ReadAction","target":["https:\/\/bouro.eu\/projetos-idt\/"]}]},{"@type":"ImageObject","inLanguage":"en-US","@id":"https:\/\/bouro.eu\/projetos-idt\/#primaryimage","url":"http:\/\/bouro.eu\/wp-content\/uploads\/2026\/03\/Ficha_de_OperacaoA4_COMPETE-2030_BIOCHAR4LL_FINAL2.pdf","contentUrl":"http:\/\/bouro.eu\/wp-content\/uploads\/2026\/03\/Ficha_de_OperacaoA4_COMPETE-2030_BIOCHAR4LL_FINAL2.pdf"},{"@type":"BreadcrumbList","@id":"https:\/\/bouro.eu\/projetos-idt\/#breadcrumb","itemListElement":[{"@type":"ListItem","position":1,"name":"In\u00edcio","item":"https:\/\/bouro.eu\/"},{"@type":"ListItem","position":2,"name":"Projetos IDT"}]},{"@type":"WebSite","@id":"https:\/\/bouro.eu\/#website","url":"https:\/\/bouro.eu\/","name":"Quinta do Bouro","description":"Seeding the future","publisher":{"@id":"https:\/\/bouro.eu\/#organization"},"potentialAction":[{"@type":"SearchAction","target":{"@type":"EntryPoint","urlTemplate":"https:\/\/bouro.eu\/?s={search_term_string}"},"query-input":{"@type":"PropertyValueSpecification","valueRequired":true,"valueName":"search_term_string"}}],"inLanguage":"en-US"},{"@type":"Organization","@id":"https:\/\/bouro.eu\/#organization","name":"Quinta do Bouro","url":"https:\/\/bouro.eu\/","logo":{"@type":"ImageObject","inLanguage":"en-US","@id":"https:\/\/bouro.eu\/#\/schema\/logo\/image\/","url":"https:\/\/bouro.eu\/wp-content\/uploads\/2022\/10\/LOGO.png","contentUrl":"https:\/\/bouro.eu\/wp-content\/uploads\/2022\/10\/LOGO.png","width":333,"height":118,"caption":"Quinta do Bouro"},"image":{"@id":"https:\/\/bouro.eu\/#\/schema\/logo\/image\/"}}]}},"_links":{"self":[{"href":"https:\/\/bouro.eu\/en\/wp-json\/wp\/v2\/pages\/2015","targetHints":{"allow":["GET"]}}],"collection":[{"href":"https:\/\/bouro.eu\/en\/wp-json\/wp\/v2\/pages"}],"about":[{"href":"https:\/\/bouro.eu\/en\/wp-json\/wp\/v2\/types\/page"}],"author":[{"embeddable":true,"href":"https:\/\/bouro.eu\/en\/wp-json\/wp\/v2\/users\/1"}],"replies":[{"embeddable":true,"href":"https:\/\/bouro.eu\/en\/wp-json\/wp\/v2\/comments?post=2015"}],"version-history":[{"count":79,"href":"https:\/\/bouro.eu\/en\/wp-json\/wp\/v2\/pages\/2015\/revisions"}],"predecessor-version":[{"id":2220,"href":"https:\/\/bouro.eu\/en\/wp-json\/wp\/v2\/pages\/2015\/revisions\/2220"}],"wp:attachment":[{"href":"https:\/\/bouro.eu\/en\/wp-json\/wp\/v2\/media?parent=2015"}],"curies":[{"name":"wp","href":"https:\/\/api.w.org\/{rel}","templated":true}]}}